{"id":3014,"date":"2025-04-02T12:10:48","date_gmt":"2025-04-02T12:10:48","guid":{"rendered":"https:\/\/atlanticfoodaction.ca\/faire-un-don\/"},"modified":"2025-04-02T12:23:22","modified_gmt":"2025-04-02T12:23:22","slug":"faire-un-don","status":"publish","type":"page","link":"https:\/\/atlanticfoodaction.ca\/fr\/faire-un-don\/","title":{"rendered":"Faire un don"},"content":{"rendered":"\n<p>Tous les dons destin\u00e9s \u00e0 la Coalition d&#8217;action pour l&#8217;alimentation en Atlantique doivent \u00eatre vers\u00e9s au Centre pour la prosp\u00e9rit\u00e9 locale, notre organisation h\u00f4te. Veuillez ajouter une note dans le champ m\u00e9mo indiquant que le don est destin\u00e9 \u00e0 la Coalition d&#8217;action alimentaire de l&#8217;Atlantique. <\/p>\n\n<div class=\"wp-block-stackable-columns stk-block-columns stk-block stk-1cbc15a\" data-block-id=\"1cbc15a\"><style>.stk-1cbc15a-column{max-width:1200px !important;min-width:auto !important;--stk-column-gap:12px !important;justify-content:flex-start !important;}<\/style><div class=\"stk-row stk-inner-blocks stk-block-content stk-content-align stk-1cbc15a-column stk--flex\">\n<div class=\"wp-block-stackable-column stk-block-column stk-column stk-block stk-a7d5c8b stk-block-background\" data-v=\"4\" data-block-id=\"a7d5c8b\"><style>.stk-a7d5c8b {background-color:var(--theme-palette-color-8, #ffffff) !important;border-top-left-radius:10px !important;border-top-right-radius:10px !important;border-bottom-right-radius:10px !important;border-bottom-left-radius:10px !important;overflow:hidden !important;border-style:solid !important;border-color:var(--theme-palette-color-5, #E6F0EE) !important;border-top-width:2px !important;border-right-width:2px !important;border-bottom-width:2px !important;border-left-width:2px !important;}.stk-a7d5c8b:before{background-color:var(--theme-palette-color-8, #ffffff) !important;}<\/style><div class=\"stk-column-wrapper stk-block-column__content stk-container stk-a7d5c8b-container stk--no-background stk--no-padding\"><div class=\"stk-block-content stk-inner-blocks stk-a7d5c8b-inner-blocks\">\n<h2 class=\"wp-block-heading\">Paypal ou carte de cr\u00e9dit<\/h2>\n\n\n\n<p>Utilisez les boutons de don sur notre site web et faites un don par <strong>Paypal ou par carte de cr\u00e9dit.<\/strong><\/p>\n\n\n\n<div class=\"wp-block-buttons is-content-justification-center is-layout-flex wp-container-core-buttons-is-layout-a89b3969 wp-block-buttons-is-layout-flex\">\n<div class=\"wp-block-button\"><a class=\"wp-block-button__link wp-element-button\" href=\"https:\/\/www.paypal.com\/cgi-bin\/webscr?cmd=_donations&amp;business=robert@centreforlocalprosperity.ca&amp;lc=CA&amp;item_name=Donation+to+Centre+for+Local+Prosperity&amp;no_note=0&amp;cn=&amp;currency_code=CAD&amp;bn=PP-DonationsBF:btn_donateCC_LG.gif:NonHosted\" target=\"_blank\" rel=\"noopener\">Faire un don<\/a><\/div>\n<\/div>\n<\/div><\/div><\/div>\n\n\n\n<div class=\"wp-block-stackable-column stk-block-column stk-column stk-block stk-b544e5f stk-block-background\" data-v=\"4\" data-block-id=\"b544e5f\"><style>.stk-b544e5f {background-color:var(--theme-palette-color-8, #ffffff) !important;border-top-left-radius:10px !important;border-top-right-radius:10px !important;border-bottom-right-radius:10px !important;border-bottom-left-radius:10px !important;overflow:hidden !important;border-style:solid !important;border-color:var(--theme-palette-color-5, #E6F0EE) !important;border-top-width:2px !important;border-right-width:2px !important;border-bottom-width:2px !important;border-left-width:2px !important;}.stk-b544e5f:before{background-color:var(--theme-palette-color-8, #ffffff) !important;}<\/style><div class=\"stk-column-wrapper stk-block-column__content stk-container stk-b544e5f-container stk--no-background stk--no-padding\"><div class=\"stk-block-content stk-inner-blocks stk-b544e5f-inner-blocks\">\n<h2 class=\"wp-block-heading\">Ch\u00e8que<\/h2>\n\n\n\n<p>Les ch\u00e8ques peuvent \u00eatre libell\u00e9s \u00e0 l&#8217;ordre du &#8220;Centre for Local Prosperity&#8221; et envoy\u00e9s \u00e0 l&#8217;adresse suivante :<\/p>\n\n\n\n<p><em>Centre for Local Prosperity<br\/>31 Ashvale Lane<br\/>Head of St Margarets Bay<br\/>NS B3Z 2E1<\/em><\/p>\n<\/div><\/div><\/div>\n\n\n\n<div class=\"wp-block-stackable-column stk-block-column stk-column stk-block stk-7316c4e stk-block-background\" data-v=\"4\" data-block-id=\"7316c4e\"><style>.stk-7316c4e {background-color:var(--theme-palette-color-8, #ffffff) !important;border-top-left-radius:10px !important;border-top-right-radius:10px !important;border-bottom-right-radius:10px !important;border-bottom-left-radius:10px !important;overflow:hidden !important;border-style:solid !important;border-color:var(--theme-palette-color-5, #E6F0EE) !important;border-top-width:2px !important;border-right-width:2px !important;border-bottom-width:2px !important;border-left-width:2px !important;}.stk-7316c4e:before{background-color:var(--theme-palette-color-8, #ffffff) !important;}<\/style><div class=\"stk-column-wrapper stk-block-column__content stk-container stk-7316c4e-container stk--no-background stk--no-padding\"><div class=\"stk-block-content stk-inner-blocks stk-7316c4e-inner-blocks\">\n<h2 class=\"wp-block-heading\">Virement \u00e9lectronique Interac<\/h2>\n\n\n\n<p>Les dons par virement \u00e9lectronique Interac peuvent \u00eatre accept\u00e9s \u00e0 l&#8217;adresse \u00e9lectronique suivante<\/p>\n\n\n\n<p><a class=\"\" href=\"mailto:info@centreforlocalprosperity.ca\">info@centreforlocalprosperity.ca<\/a><\/p>\n<\/div><\/div><\/div>\n<\/div><\/div>\n\n<p><strong>Veuillez noter que le Centre pour la prosp\u00e9rit\u00e9 locale est un organisme de bienfaisance enregistr\u00e9 :<\/strong><br\/><em>Le Centre pour la prosp\u00e9rit\u00e9 locale est un organisme de bienfaisance enregistr\u00e9 (#84025 1797 RR0001), et \u00e9mettra un re\u00e7u pour fins d&#8217;imp\u00f4t pour chaque don admissible. <\/em> <\/p>\n\n<p><\/p>\n","protected":false},"excerpt":{"rendered":"<p>Tous les dons destin\u00e9s \u00e0 la Coalition d&#8217;action pour l&#8217;alimentation en Atlantique doivent \u00eatre vers\u00e9s au Centre pour la prosp\u00e9rit\u00e9 locale, notre organisation h\u00f4te. Veuillez ajouter une note dans le champ m\u00e9mo indiquant que le don est destin\u00e9 \u00e0 la Coalition d&#8217;action alimentaire de l&#8217;Atlantique. Paypal ou carte de cr\u00e9dit Utilisez les boutons de don [&hellip;]<\/p>\n","protected":false},"author":1,"featured_media":0,"parent":0,"menu_order":0,"comment_status":"closed","ping_status":"closed","template":"","meta":{"_acf_changed":false,"inline_featured_image":false,"footnotes":""},"class_list":["post-3014","page","type-page","status-publish","hentry"],"blocksy_meta":[],"acf":[],"_links":{"self":[{"href":"https:\/\/atlanticfoodaction.ca\/fr\/wp-json\/wp\/v2\/pages\/3014","targetHints":{"allow":["GET"]}}],"collection":[{"href":"https:\/\/atlanticfoodaction.ca\/fr\/wp-json\/wp\/v2\/pages"}],"about":[{"href":"https:\/\/atlanticfoodaction.ca\/fr\/wp-json\/wp\/v2\/types\/page"}],"author":[{"embeddable":true,"href":"https:\/\/atlanticfoodaction.ca\/fr\/wp-json\/wp\/v2\/users\/1"}],"replies":[{"embeddable":true,"href":"https:\/\/atlanticfoodaction.ca\/fr\/wp-json\/wp\/v2\/comments?post=3014"}],"version-history":[{"count":1,"href":"https:\/\/atlanticfoodaction.ca\/fr\/wp-json\/wp\/v2\/pages\/3014\/revisions"}],"predecessor-version":[{"id":3015,"href":"https:\/\/atlanticfoodaction.ca\/fr\/wp-json\/wp\/v2\/pages\/3014\/revisions\/3015"}],"wp:attachment":[{"href":"https:\/\/atlanticfoodaction.ca\/fr\/wp-json\/wp\/v2\/media?parent=3014"}],"curies":[{"name":"wp","href":"https:\/\/api.w.org\/{rel}","templated":true}]}}