{"id":2964,"date":"2022-12-06T16:30:14","date_gmt":"2022-12-06T16:30:14","guid":{"rendered":"https:\/\/atlanticfoodaction.ca\/digin-2022\/enregistrements-des-sessions\/don-pour-lenregistrement-des-sessions\/"},"modified":"2025-02-10T15:19:14","modified_gmt":"2025-02-10T15:19:14","slug":"don-pour-lenregistrement-des-sessions","status":"publish","type":"page","link":"https:\/\/atlanticfoodaction.ca\/fr\/digin-2022\/enregistrements-des-sessions\/don-pour-lenregistrement-des-sessions\/","title":{"rendered":"Don pour l&#8217;enregistrement des sessions"},"content":{"rendered":"\n<p>Pour visionner les enregistrements du sommet, veuillez cliquer sur le bouton &#8220;Donate Now&#8221; pour faire un don en ligne via PayPal. Le montant sugg\u00e9r\u00e9 est de 40 dollars, mais vous pouvez \u00e9galement donner ce que vous pouvez.<\/p>\n\n<p>Si vous avez d\u00e9j\u00e0 fait un don pour ces enregistrements, cliquez sur le bouton &#8220;J&#8217;ai d\u00e9j\u00e0 fait un don&#8221;.<\/p>\n\n<div class=\"wp-block-buttons is-content-justification-center is-nowrap is-layout-flex wp-container-core-buttons-is-layout-23441af8 wp-block-buttons-is-layout-flex\">\n<div class=\"wp-block-button\"><a class=\"wp-block-button__link has-white-color has-gold-background-color has-text-color has-background wp-element-button\" href=\"https:\/\/www.paypal.com\/cgi-bin\/webscr?cmd=_donations&amp;business=robert@centreforlocalprosperity.ca&amp;lc=CA&amp;item_name=Dig+In+Session+Recordings&amp;cn=&amp;currency_code=CAD&amp;no_recurring=1&amp;rm=0&amp;return=https%3A%2F%2Fatlanticfoodaction.ca%2Fsession-recordings%2F&amp;bn=PP-DonationsBF:btn_donateCC_LG.gif:NonHosted\">Faire un don<\/a><\/div>\n\n\n\n<div class=\"wp-block-button\"><a class=\"wp-block-button__link has-white-color has-dark-blue-background-color has-text-color has-background wp-element-button\" href=\"https:\/\/atlanticfoodaction.ca\/fr\/digin-2022\/enregistrements-des-sessions\/\">J&#8217;ai d\u00e9j\u00e0 fait un don<\/a><\/div>\n<\/div>\n","protected":false},"excerpt":{"rendered":"<p>Pour visionner les enregistrements du sommet, veuillez cliquer sur le bouton &#8220;Donate Now&#8221; pour faire un don en ligne via PayPal. Le montant sugg\u00e9r\u00e9 est de 40 dollars, mais vous pouvez \u00e9galement donner ce que vous pouvez. Si vous avez d\u00e9j\u00e0 fait un don pour ces enregistrements, cliquez sur le bouton &#8220;J&#8217;ai d\u00e9j\u00e0 fait un [&hellip;]<\/p>\n","protected":false},"author":1,"featured_media":0,"parent":2945,"menu_order":0,"comment_status":"closed","ping_status":"closed","template":"","meta":{"_acf_changed":false,"inline_featured_image":false,"footnotes":""},"class_list":["post-2964","page","type-page","status-publish","hentry"],"blocksy_meta":[],"acf":[],"_links":{"self":[{"href":"https:\/\/atlanticfoodaction.ca\/fr\/wp-json\/wp\/v2\/pages\/2964","targetHints":{"allow":["GET"]}}],"collection":[{"href":"https:\/\/atlanticfoodaction.ca\/fr\/wp-json\/wp\/v2\/pages"}],"about":[{"href":"https:\/\/atlanticfoodaction.ca\/fr\/wp-json\/wp\/v2\/types\/page"}],"author":[{"embeddable":true,"href":"https:\/\/atlanticfoodaction.ca\/fr\/wp-json\/wp\/v2\/users\/1"}],"replies":[{"embeddable":true,"href":"https:\/\/atlanticfoodaction.ca\/fr\/wp-json\/wp\/v2\/comments?post=2964"}],"version-history":[{"count":1,"href":"https:\/\/atlanticfoodaction.ca\/fr\/wp-json\/wp\/v2\/pages\/2964\/revisions"}],"predecessor-version":[{"id":2967,"href":"https:\/\/atlanticfoodaction.ca\/fr\/wp-json\/wp\/v2\/pages\/2964\/revisions\/2967"}],"up":[{"embeddable":true,"href":"https:\/\/atlanticfoodaction.ca\/fr\/wp-json\/wp\/v2\/pages\/2945"}],"wp:attachment":[{"href":"https:\/\/atlanticfoodaction.ca\/fr\/wp-json\/wp\/v2\/media?parent=2964"}],"curies":[{"name":"wp","href":"https:\/\/api.w.org\/{rel}","templated":true}]}}