{"id":2930,"date":"2025-01-21T15:35:40","date_gmt":"2025-01-21T15:35:40","guid":{"rendered":"https:\/\/atlanticfoodaction.ca\/conseil-dadministration\/"},"modified":"2025-04-02T12:24:34","modified_gmt":"2025-04-02T12:24:34","slug":"conseil-dadministration","status":"publish","type":"page","link":"https:\/\/atlanticfoodaction.ca\/fr\/conseil-dadministration\/","title":{"rendered":"Conseil d&#8217;administration"},"content":{"rendered":"\n<div class=\"wp-block-stackable-columns stk-block-columns stk-block stk-8709896\" data-block-id=\"8709896\"><div class=\"stk-row stk-inner-blocks stk-block-content stk-content-align stk-8709896-column\">\n<div class=\"wp-block-stackable-column stk-block-column stk-column stk-block stk-d670af9\" data-v=\"4\" data-block-id=\"d670af9\"><style>@media screen and (min-width:690px){.stk-d670af9 {flex:var(--stk-flex-grow, 1) 1 33.3% !important;}}<\/style><div class=\"stk-column-wrapper stk-block-column__content stk-container stk-d670af9-container stk--no-background stk--no-padding\"><div class=\"stk-block-content stk-inner-blocks stk-d670af9-inner-blocks\">\n<figure class=\"wp-block-image is-style-rounded shadow\"><img decoding=\"async\" src=\"https:\/\/www.atlanticfoodaction.ca\/assets\/images\/image12.jpg?v=f62b3edc\" alt=\"Sceau de la Conf&#xE9;d&#xE9;ration ab&#xE9;naquise ; un symbole noir repr&#xE9;sentant la Conf&#xE9;d&#xE9;ration ab&#xE9;naquise.\" style=\"aspect-ratio:1;object-fit:cover\"\/><\/figure>\n<\/div><\/div><\/div>\n\n\n\n<div class=\"wp-block-stackable-column stk-block-column stk-column stk-block stk-2526bab\" data-v=\"4\" data-block-id=\"2526bab\"><style>@media screen and (min-width:690px){.stk-2526bab {flex:var(--stk-flex-grow, 1) 1 66.7% !important;}}<\/style><div class=\"stk-column-wrapper stk-block-column__content stk-container stk-2526bab-container stk--no-background stk--no-padding\"><div class=\"stk-block-content stk-inner-blocks stk-2526bab-inner-blocks\">\n<div class=\"wp-block-stackable-heading stk-block-heading stk-block-heading--v2 stk-block stk-ce0dd01\" id=\"strong-president-josh-smee-he-him-strong-br-strong-chief-executive-officer-ceo-food-first-nl-strong\" data-block-id=\"ce0dd01\"><style>.stk-ce0dd01 {margin-bottom:0px !important;}<\/style><h4 class=\"stk-block-heading__text\"><strong>Pr\u00e9sident : Josh Smee (il)<\/strong><br\/><strong>Directeur g\u00e9n\u00e9ral (CEO) Food First NL<\/strong><\/h4><\/div>\n\n\n\n<p id=\"text19\">Joshua est un connecteur, un d\u00e9fenseur et un b\u00e2tisseur de communaut\u00e9 qui travaille \u00e0 la construction de syst\u00e8mes alimentaires plus solides \u00e0 Terre-Neuve-et-Labrador.Joshua est le PDG de Food First NL, une organisation provinciale \u00e0 but non lucratif qui travaille avec les communaut\u00e9s de Terre-Neuve-et-Labrador pour s&#8217;assurer que tout le monde a acc\u00e8s \u00e0 des aliments abordables, sains et culturellement appropri\u00e9s.Passionn\u00e9 par le changement des syst\u00e8mes et le pouvoir de l&#8217;action collective, Joshua a jou\u00e9 un r\u00f4le de premier plan dans de nombreuses coalitions et campagnes.<br\/>Joshua copr\u00e9side le groupe de travail provincial sur la s\u00e9curit\u00e9 alimentaire avec le gouvernement de Terre-Neuve-et-Labrador et a si\u00e9g\u00e9 en tant que membre du groupe de travail de l&#8217;Accord sur la sant\u00e9 de la province, charg\u00e9 d&#8217;une refonte fondamentale du syst\u00e8me de sant\u00e9 de Terre-Neuve-et-Labrador.En dehors du travail, Joshua est profond\u00e9ment engag\u00e9 dans le travail autour de l&#8217;engagement civique, de l&#8217;alimentation locale et des arts. En tant que pr\u00e9sident de la St. John&#8217;s Farmer&#8217;s Market Cooperative, il a contribu\u00e9 \u00e0 la cr\u00e9ation du march\u00e9 communautaire permanent et florissant de la ville.Joshua vit au c\u0153ur du centre-ville de St. John&#8217;s avec sa compagne, la violoniste Lauren, et leur petite fille Tamsin. Il passe \u00e0 peu pr\u00e8s tout son temps libre \u00e0 l&#8217;ext\u00e9rieur et a parcouru chaque centim\u00e8tre de l&#8217;East Coast Trail, la plupart du temps \u00e0 plusieurs reprises.  <\/p>\n<\/div><\/div><\/div>\n<\/div><\/div>\n\n<div class=\"wp-block-stackable-columns stk-block-columns stk-block stk-e97d5d2\" data-block-id=\"e97d5d2\"><div class=\"stk-row stk-inner-blocks stk-block-content stk-content-align stk-e97d5d2-column\">\n<div class=\"wp-block-stackable-column stk-block-column stk-column stk-block stk-883f258\" data-v=\"4\" data-block-id=\"883f258\"><style>@media screen and (min-width:690px){.stk-883f258 {flex:var(--stk-flex-grow, 1) 1 33.3% !important;}}<\/style><div class=\"stk-column-wrapper stk-block-column__content stk-container stk-883f258-container stk--no-background stk--no-padding\"><div class=\"stk-block-content stk-inner-blocks stk-883f258-inner-blocks\">\n<figure class=\"wp-block-image is-style-rounded shadow\"><img decoding=\"async\" src=\"https:\/\/www.atlanticfoodaction.ca\/assets\/images\/image14.jpg?v=f62b3edc\" alt=\"Sceau de la Conf&#xE9;d&#xE9;ration ab&#xE9;naquise ; un symbole noir repr&#xE9;sentant la Conf&#xE9;d&#xE9;ration ab&#xE9;naquise.\" style=\"aspect-ratio:1;object-fit:cover\"\/><\/figure>\n<\/div><\/div><\/div>\n\n\n\n<div class=\"wp-block-stackable-column stk-block-column stk-column stk-block stk-3dfa257\" data-v=\"4\" data-block-id=\"3dfa257\"><style>@media screen and (min-width:690px){.stk-3dfa257 {flex:var(--stk-flex-grow, 1) 1 66.7% !important;}}<\/style><div class=\"stk-column-wrapper stk-block-column__content stk-container stk-3dfa257-container stk--no-background stk--no-padding\"><div class=\"stk-block-content stk-inner-blocks stk-3dfa257-inner-blocks\">\n<div class=\"wp-block-stackable-heading stk-block-heading stk-block-heading--v2 stk-block stk-0de8c63\" id=\"strong-secretary-gillian-kerr-strong\" data-block-id=\"0de8c63\"><style>.stk-0de8c63 {margin-bottom:0px !important;}<\/style><h4 class=\"stk-block-heading__text\"><strong>Secr\u00e9taire : Gillian Kerr<\/strong><\/h4><\/div>\n\n\n\n<p id=\"text21\">Gillian Kerr travaille dans le domaine de l&#8217;environnement au Canada depuis pr\u00e8s de 30 ans en tant qu&#8217;\u00e9conomiste \u00e9cologique et experte en politique environnementale. Elle est \u00e9galement une chercheuse active, une enseignante, une superviseuse et une championne de la compr\u00e9hension de la valeur de la nature. Avant cela, elle a travaill\u00e9 pendant 12 ans pour Alberta Environment et a travaill\u00e9 en tant qu&#8217;universitaire, consultante et dans plusieurs domaines du secteur environnemental \u00e0 but non lucratif.  <\/p>\n<\/div><\/div><\/div>\n<\/div><\/div>\n\n<div class=\"wp-block-stackable-columns stk-block-columns stk-block stk-d6993e3\" data-block-id=\"d6993e3\"><div class=\"stk-row stk-inner-blocks stk-block-content stk-content-align stk-d6993e3-column\">\n<div class=\"wp-block-stackable-column stk-block-column stk-column stk-block stk-d070e61\" data-v=\"4\" data-block-id=\"d070e61\"><style>@media screen and (min-width:690px){.stk-d070e61 {flex:var(--stk-flex-grow, 1) 1 33.3% !important;}}<\/style><div class=\"stk-column-wrapper stk-block-column__content stk-container stk-d070e61-container stk--no-background stk--no-padding\"><div class=\"stk-block-content stk-inner-blocks stk-d070e61-inner-blocks\">\n<figure class=\"wp-block-image shadow is-style-rounded\"><img decoding=\"async\" src=\"https:\/\/www.atlanticfoodaction.ca\/assets\/images\/image15.jpg?v=f62b3edc\" alt=\"Sceau de la Conf&#xE9;d&#xE9;ration ab&#xE9;naquise ; un symbole noir repr&#xE9;sentant la Conf&#xE9;d&#xE9;ration ab&#xE9;naquise.\" style=\"aspect-ratio:1;object-fit:cover\"\/><\/figure>\n<\/div><\/div><\/div>\n\n\n\n<div class=\"wp-block-stackable-column stk-block-column stk-column stk-block stk-d59853e\" data-v=\"4\" data-block-id=\"d59853e\"><style>@media screen and (min-width:690px){.stk-d59853e {flex:var(--stk-flex-grow, 1) 1 66.7% !important;}}<\/style><div class=\"stk-column-wrapper stk-block-column__content stk-container stk-d59853e-container stk--no-background stk--no-padding\"><div class=\"stk-block-content stk-inner-blocks stk-d59853e-inner-blocks\">\n<div class=\"wp-block-stackable-heading stk-block-heading stk-block-heading--v2 stk-block stk-a9ddd44\" id=\"strong-jill-van-horne-she-her-strong-br-strong-network-director-food-for-all-new-brunswick-strong\" data-block-id=\"a9ddd44\"><style>.stk-a9ddd44 {margin-bottom:0px !important;}<\/style><h4 class=\"stk-block-heading__text\"><strong>JILL VAN HORNE (elle)<\/strong><br\/><strong>Directrice de r\u00e9seau &#8211; Nourriture pour tous Nouveau-Brunswick<\/strong><\/h4><\/div>\n\n\n\n<p id=\"text22\">Jill Van Horne est la Directrice d&#8217;Aliments pour tous NB, o\u00f9 elle travaille dans le domaine des syst\u00e8mes alimentaires et de la s\u00e9curit\u00e9 alimentaire depuis 2017. Dans ce r\u00f4le, ainsi que dans son travail pr\u00e9c\u00e9dent avec Nos aliments Sud-Est NB, elle s&#8217;est concentr\u00e9e sur le d\u00e9veloppement de syst\u00e8mes alimentaires r\u00e9silients et la r\u00e9solution des d\u00e9fis li\u00e9s \u00e0 la s\u00e9curit\u00e9 alimentaire au Nouveau-Brunswick. Elle poss\u00e8de des connaissances en initiatives d&#8217;alimentation scolaire aux niveaux national et provincial, en collaboration r\u00e9gionale sur les syst\u00e8mes alimentaires de l&#8217;Atlantique, en projets li\u00e9s \u00e0 l&#8217;alimentation et au climat, ainsi qu&#8217;en initiatives communautaires d&#8217;action sur l&#8217;alimentation \u2013 reliant les efforts de terrain aux impacts sur les politiques publiques. Jill vit sur les terres non c\u00e9d\u00e9es des Mi\u2019kmaq \u00e0 Moncton, N.-B.   <\/p>\n<\/div><\/div><\/div>\n<\/div><\/div>\n\n<div class=\"wp-block-stackable-columns stk-block-columns stk-block stk-867ab13\" data-block-id=\"867ab13\"><div class=\"stk-row stk-inner-blocks stk-block-content stk-content-align stk-867ab13-column\">\n<div class=\"wp-block-stackable-column stk-block-column stk-column stk-block stk-88246e6\" data-v=\"4\" data-block-id=\"88246e6\"><style>@media screen and (min-width:690px){.stk-88246e6 {flex:var(--stk-flex-grow, 1) 1 33.3% !important;}}<\/style><div class=\"stk-column-wrapper stk-block-column__content stk-container stk-88246e6-container stk--no-background stk--no-padding\"><div class=\"stk-block-content stk-inner-blocks stk-88246e6-inner-blocks\">\n<figure class=\"wp-block-image is-style-rounded shadow\"><img decoding=\"async\" src=\"https:\/\/www.atlanticfoodaction.ca\/assets\/images\/image16.jpg?v=f62b3edc\" alt=\"Sceau de la Conf&#xE9;d&#xE9;ration ab&#xE9;naquise ; un symbole noir repr&#xE9;sentant la Conf&#xE9;d&#xE9;ration ab&#xE9;naquise.\" style=\"aspect-ratio:1;object-fit:cover\"\/><\/figure>\n<\/div><\/div><\/div>\n\n\n\n<div class=\"wp-block-stackable-column stk-block-column stk-column stk-block stk-36cb2b8\" data-v=\"4\" data-block-id=\"36cb2b8\"><style>@media screen and (min-width:690px){.stk-36cb2b8 {flex:var(--stk-flex-grow, 1) 1 66.7% !important;}}<\/style><div class=\"stk-column-wrapper stk-block-column__content stk-container stk-36cb2b8-container stk--no-background stk--no-padding\"><div class=\"stk-block-content stk-inner-blocks stk-36cb2b8-inner-blocks\">\n<div class=\"wp-block-stackable-heading stk-block-heading stk-block-heading--v2 stk-block stk-4186c25\" id=\"strong-justin-cantafio-he-him-strong-br-strong-executive-director-farmers-markets-of-nova-scotia-strong\" data-block-id=\"4186c25\"><style>.stk-4186c25 {margin-bottom:0px !important;}<\/style><h4 class=\"stk-block-heading__text\"><strong>JUSTIN CANTAFIO (il)<\/strong><br\/><strong>Directeur ex\u00e9cutif de Farmers Markets of Nova Scotia<\/strong><\/h4><\/div>\n\n\n\n<p id=\"text23\">Justin Cantafio croit fermement au pouvoir des petites entreprises communautaires pour construire un d\u00e9veloppement social et \u00e9conomique v\u00e9ritablement durable. Depuis, il a particip\u00e9 \u00e0 la gestion du premier programme d&#8217;abonnement \u00e0 des produits de la mer durables au Canada atlantique par l&#8217;interm\u00e9diaire de Off the Hook Community Supported Fishery, a travaill\u00e9 avec l&#8217;Ecology Action Centre pour lancer un programme pancanadien visant \u00e0 promouvoir les aliments d&#8217;origine locale dans les \u00e9coles, les universit\u00e9s et les h\u00f4pitaux, et a mis en relation des p\u00eacheurs et des aquaculteurs \u00e0 petite \u00e9chelle avec des march\u00e9s de grande valeur en Nouvelle-\u00c9cosse et au-del\u00e0 avec Afishionado Fishmongers, \u00e0 Halifax.Lorsqu&#8217;il n&#8217;est pas en train d&#8217;\u00e9laborer des id\u00e9es pour relocaliser notre \u00e9conomie et promouvoir les entreprises locales, vous pouvez trouver Justin en train de courir dans les bois, de cuisiner des repas copieux avec des amis ou de se d\u00e9tendre dans sa petite cabane au bord de la mer. <\/p>\n<\/div><\/div><\/div>\n<\/div><\/div>\n\n<div class=\"wp-block-stackable-columns stk-block-columns stk-block stk-8ee8eb8\" data-block-id=\"8ee8eb8\"><div class=\"stk-row stk-inner-blocks stk-block-content stk-content-align stk-8ee8eb8-column\">\n<div class=\"wp-block-stackable-column stk-block-column stk-column stk-block stk-cb17818\" data-v=\"4\" data-block-id=\"cb17818\"><style>@media screen and (min-width:690px){.stk-cb17818 {flex:var(--stk-flex-grow, 1) 1 33.3% !important;}}<\/style><div class=\"stk-column-wrapper stk-block-column__content stk-container stk-cb17818-container stk--no-background stk--no-padding\"><div class=\"stk-block-content stk-inner-blocks stk-cb17818-inner-blocks\">\n<figure class=\"wp-block-image is-style-rounded shadow\"><img decoding=\"async\" src=\"https:\/\/www.atlanticfoodaction.ca\/assets\/images\/image10.jpg?v=f62b3edc\" alt=\"Sceau de la Conf&#xE9;d&#xE9;ration ab&#xE9;naquise ; un symbole noir repr&#xE9;sentant la Conf&#xE9;d&#xE9;ration ab&#xE9;naquise.\" style=\"aspect-ratio:1;object-fit:cover\"\/><\/figure>\n<\/div><\/div><\/div>\n\n\n\n<div class=\"wp-block-stackable-column stk-block-column stk-column stk-block stk-625f02f\" data-v=\"4\" data-block-id=\"625f02f\"><style>@media screen and (min-width:690px){.stk-625f02f {flex:var(--stk-flex-grow, 1) 1 66.7% !important;}}<\/style><div class=\"stk-column-wrapper stk-block-column__content stk-container stk-625f02f-container stk--no-background stk--no-padding\"><div class=\"stk-block-content stk-inner-blocks stk-625f02f-inner-blocks\">\n<div class=\"wp-block-stackable-heading stk-block-heading stk-block-heading--v2 stk-block stk-f7d41bb\" id=\"strong-robert-cervelli-he-him-strong-br-strong-senior-advisor-consultant-centre-for-local-prosperity-strong\" data-block-id=\"f7d41bb\"><style>.stk-f7d41bb {margin-bottom:0px !important;}<\/style><h4 class=\"stk-block-heading__text\"><strong>ROBERT CERVELLI (il)<\/strong><br\/><strong>Conseiller principal\/Consultant | Centre pour la prosp\u00e9rit\u00e9 locale<\/strong><\/h4><\/div>\n\n\n\n<p id=\"text01\">Au cours des 35 derni\u00e8res ann\u00e9es, Robert Cervelli a travaill\u00e9 avec passion \u00e0 la construction de la communaut\u00e9 au niveau local, \u00e0 petite \u00e9chelle et rural. Il s&#8217;int\u00e9resse tout particuli\u00e8rement aux projets mettant en \u0153uvre de nouveaux outils innovants pour reconstruire la r\u00e9silience \u00e9conomique. Robert est cofondateur et conseiller principal du Centre for Local Prosperity, une organisation qui \u0153uvre \u00e0 la relocalisation des \u00e9conomies rurales et \u00e0 la pr\u00e9paration au changement climatique. Le Centre se consacre \u00e0 la promotion et \u00e0 l&#8217;inspiration de plans pratiques pour des \u00e9conomies locales prosp\u00e8res et saines. Le Centre entame des conversations visant \u00e0 encourager les communaut\u00e9s \u00e0 amorcer un changement vers une \u00e9conomie \u00e0 l&#8217;\u00e9chelle du lieu, ce qui se traduit par une action r\u00e9elle en faveur du changement en cr\u00e9ant un nouveau climat propice au changement. Le Centre travaille avec des groupes communautaires, des entreprises et des gouvernements pour identifier les opportunit\u00e9s et \u00e9valuer les risques li\u00e9s au passage \u00e0 une nouvelle \u00e9conomie, par le biais d&#8217;ateliers, de conf\u00e9rences et de discussions cibl\u00e9es.Robert est cofondateur et pr\u00e9sident de Transition Bay St. Margarets Bay, l&#8217;une des premi\u00e8res initiatives de transition dans les Maritimes. Il est membre de la Soci\u00e9t\u00e9 E.F. Schumacher depuis plus de 25 ans, a entretenu une correspondance internationale et a particip\u00e9 \u00e0 des \u00e9v\u00e9nements internationaux importants sur l&#8217;\u00e9conomie alternative.      <\/p>\n<\/div><\/div><\/div>\n<\/div><\/div>\n\n<div class=\"wp-block-stackable-columns stk-block-columns stk-block stk-16d70b9\" data-block-id=\"16d70b9\"><div class=\"stk-row stk-inner-blocks stk-block-content stk-content-align stk-16d70b9-column\">\n<div class=\"wp-block-stackable-column stk-block-column stk-column stk-block stk-e26b1e5\" data-v=\"4\" data-block-id=\"e26b1e5\"><style>@media screen and (min-width:690px){.stk-e26b1e5 {flex:var(--stk-flex-grow, 1) 1 33.3% !important;}}<\/style><div class=\"stk-column-wrapper stk-block-column__content stk-container stk-e26b1e5-container stk--no-background stk--no-padding\"><div class=\"stk-block-content stk-inner-blocks stk-e26b1e5-inner-blocks\">\n<figure class=\"wp-block-image size-full is-style-rounded shadow\"><img decoding=\"async\" src=\"https:\/\/atlanticfoodaction.ca\/wp-content\/uploads\/2025\/04\/IMG_0681_3.jpg\" alt=\"\" class=\"wp-image-2985\" style=\"aspect-ratio:1;object-fit:cover\"\/><\/figure>\n<\/div><\/div><\/div>\n\n\n\n<div class=\"wp-block-stackable-column stk-block-column stk-column stk-block stk-e67b7d0\" data-v=\"4\" data-block-id=\"e67b7d0\"><style>@media screen and (min-width:690px){.stk-e67b7d0 {flex:var(--stk-flex-grow, 1) 1 66.7% !important;}}<\/style><div class=\"stk-column-wrapper stk-block-column__content stk-container stk-e67b7d0-container stk--no-background stk--no-padding\"><div class=\"stk-block-content stk-inner-blocks stk-e67b7d0-inner-blocks\">\n<div class=\"wp-block-stackable-heading stk-block-heading stk-block-heading--v2 stk-block stk-eb36980\" id=\"strong-dr-monika-korzun-she-her-strong-br-strong-assistant-professor-st-thomas-university-strong\" data-block-id=\"eb36980\"><style>.stk-eb36980 {margin-bottom:0px !important;}<\/style><h4 class=\"stk-block-heading__text\"><strong>Dr. Monika Korzun (elle)<\/strong><br\/><strong>Professeur adjoint \u00e0 l&#8217;Universit\u00e9 St. Thomas<\/strong><\/h4><\/div>\n\n\n\n<p id=\"text01\">Monika Korzun est professeure adjointe dans le programme Environnement et soci\u00e9t\u00e9 de l&#8217;Universit\u00e9 St. Thomas \u00e0 Fredericton, au Nouveau-Brunswick. Monika travaille dans le domaine des syst\u00e8mes alimentaires depuis 2010. Elle a obtenu son doctorat \u00e0 l&#8217;Universit\u00e9 de Guelph et a b\u00e9n\u00e9fici\u00e9 de deux bourses postdoctorales, l&#8217;une \u00e0 l&#8217;Universit\u00e9 Dalhousie et l&#8217;autre \u00e0 l&#8217;Universit\u00e9 Saint-Paul. Plus r\u00e9cemment, ses recherches se sont concentr\u00e9es sur la gouvernance des syst\u00e8mes alimentaires et la durabilit\u00e9 sociale des syst\u00e8mes alimentaires. Bien que ses int\u00e9r\u00eats de recherche soient divers, Monika cherche \u00e0 mettre en lumi\u00e8re les exp\u00e9riences et les voix de ceux qui sont souvent ignor\u00e9s dans les processus de prise de d\u00e9cision des syst\u00e8mes alimentaires. En plus de son travail dans le milieu universitaire, Monika Korzun a plusieurs ann\u00e9es d&#8217;exp\u00e9rience dans le secteur priv\u00e9 et \u00e0 but non lucratif. L\u00e9gume pr\u00e9f\u00e9r\u00e9 : Le chou-rave      <\/p>\n<\/div><\/div><\/div>\n<\/div><\/div>\n\n<p><\/p>\n","protected":false},"excerpt":{"rendered":"<p>Pr\u00e9sident : Josh Smee (il)Directeur g\u00e9n\u00e9ral (CEO) Food First NL Joshua est un connecteur, un d\u00e9fenseur et un b\u00e2tisseur de communaut\u00e9 qui travaille \u00e0 la construction de syst\u00e8mes alimentaires plus solides \u00e0 Terre-Neuve-et-Labrador.Joshua est le PDG de Food First NL, une organisation provinciale \u00e0 but non lucratif qui travaille avec les communaut\u00e9s de Terre-Neuve-et-Labrador pour [&hellip;]<\/p>\n","protected":false},"author":1,"featured_media":0,"parent":0,"menu_order":0,"comment_status":"closed","ping_status":"closed","template":"","meta":{"_acf_changed":false,"inline_featured_image":false,"footnotes":""},"class_list":["post-2930","page","type-page","status-publish","hentry"],"blocksy_meta":[],"acf":[],"_links":{"self":[{"href":"https:\/\/atlanticfoodaction.ca\/fr\/wp-json\/wp\/v2\/pages\/2930","targetHints":{"allow":["GET"]}}],"collection":[{"href":"https:\/\/atlanticfoodaction.ca\/fr\/wp-json\/wp\/v2\/pages"}],"about":[{"href":"https:\/\/atlanticfoodaction.ca\/fr\/wp-json\/wp\/v2\/types\/page"}],"author":[{"embeddable":true,"href":"https:\/\/atlanticfoodaction.ca\/fr\/wp-json\/wp\/v2\/users\/1"}],"replies":[{"embeddable":true,"href":"https:\/\/atlanticfoodaction.ca\/fr\/wp-json\/wp\/v2\/comments?post=2930"}],"version-history":[{"count":4,"href":"https:\/\/atlanticfoodaction.ca\/fr\/wp-json\/wp\/v2\/pages\/2930\/revisions"}],"predecessor-version":[{"id":3017,"href":"https:\/\/atlanticfoodaction.ca\/fr\/wp-json\/wp\/v2\/pages\/2930\/revisions\/3017"}],"wp:attachment":[{"href":"https:\/\/atlanticfoodaction.ca\/fr\/wp-json\/wp\/v2\/media?parent=2930"}],"curies":[{"name":"wp","href":"https:\/\/api.w.org\/{rel}","templated":true}]}}