{"id":2927,"date":"2024-11-09T16:06:28","date_gmt":"2024-11-09T16:06:28","guid":{"rendered":"https:\/\/atlanticfoodaction.ca\/dig-in-20\/lieu-parking-et-accessibilite\/"},"modified":"2025-02-10T15:18:46","modified_gmt":"2025-02-10T15:18:46","slug":"lieu-parking-et-accessibilite","status":"publish","type":"page","link":"https:\/\/atlanticfoodaction.ca\/fr\/dig-in-20\/lieu-parking-et-accessibilite\/","title":{"rendered":"Lieu, parking et accessibilit\u00e9"},"content":{"rendered":"\n<p>Le sommet aura lieu au <strong><a href=\"https:\/\/confederationcentre.com\/about-the-centre\/getting-here\/\" target=\"_blank\" rel=\"noopener\">Centre des arts de la Conf\u00e9d\u00e9ration<\/a> <\/strong> (145 Richmond Street, Charlottetown PEI).<\/p>\n\n<p>NOTE : En raison des travaux en cours sur le site, l&#8217;entr\u00e9e de la rue Queen est la seule ouverte. Veuillez consulter le plan du site ci-dessous. <\/p>\n\n<figure class=\"wp-block-image size-large is-resized\"><img loading=\"lazy\" decoding=\"async\" width=\"1024\" height=\"576\" src=\"https:\/\/atlanticfoodaction.ca\/wp-content\/uploads\/2024\/11\/CanadaConnectsExteriorRIchmond-1024x576.jpg\" alt=\"\" class=\"wp-image-2452\" style=\"width:481px;height:auto\" srcset=\"https:\/\/atlanticfoodaction.ca\/wp-content\/uploads\/2024\/11\/CanadaConnectsExteriorRIchmond-1024x576.jpg 1024w, https:\/\/atlanticfoodaction.ca\/wp-content\/uploads\/2024\/11\/CanadaConnectsExteriorRIchmond-300x169.jpg 300w, https:\/\/atlanticfoodaction.ca\/wp-content\/uploads\/2024\/11\/CanadaConnectsExteriorRIchmond-768x432.jpg 768w, https:\/\/atlanticfoodaction.ca\/wp-content\/uploads\/2024\/11\/CanadaConnectsExteriorRIchmond-1536x864.jpg 1536w, https:\/\/atlanticfoodaction.ca\/wp-content\/uploads\/2024\/11\/CanadaConnectsExteriorRIchmond.jpg 1800w\" sizes=\"auto, (max-width: 1024px) 100vw, 1024px\" \/><\/figure>\n\n<figure class=\"wp-block-image size-large is-resized\"><img loading=\"lazy\" decoding=\"async\" width=\"966\" height=\"1024\" src=\"https:\/\/atlanticfoodaction.ca\/wp-content\/uploads\/2024\/11\/CCOA-map-edited-966x1024.png\" alt=\"\" class=\"wp-image-2462\" style=\"width:665px;height:auto\" srcset=\"https:\/\/atlanticfoodaction.ca\/wp-content\/uploads\/2024\/11\/CCOA-map-edited-966x1024.png 966w, https:\/\/atlanticfoodaction.ca\/wp-content\/uploads\/2024\/11\/CCOA-map-edited-283x300.png 283w, https:\/\/atlanticfoodaction.ca\/wp-content\/uploads\/2024\/11\/CCOA-map-edited-768x814.png 768w, https:\/\/atlanticfoodaction.ca\/wp-content\/uploads\/2024\/11\/CCOA-map-edited-1449x1536.png 1449w, https:\/\/atlanticfoodaction.ca\/wp-content\/uploads\/2024\/11\/CCOA-map-edited.png 1728w\" sizes=\"auto, (max-width: 966px) 100vw, 966px\" \/><\/figure>\n\n<h4 class=\"wp-block-heading\">Parking<\/h4>\n\n<p>L&#8217;APECC ne dispose pas de son propre stationnement. Il y a trois parkings \u00e0 proximit\u00e9, qui co\u00fbtent 8,75 $ + TVH par jour. Des parcom\u00e8tres sont disponibles dans les rues de la ville et sont gratuits apr\u00e8s 16 heures en semaine et le week-end.<br\/>Pownal Parkade : 100 Pownal Street<br\/>Fitzroy Parkade : 130 Fitzroy Street<br\/>Queen Parkade : 222 Queen Street  <\/p>\n\n<h4 class=\"wp-block-heading\">Accessibilit\u00e9<\/h4>\n\n<p>Le Centre des arts de la Conf\u00e9d\u00e9ration est accessible aux fauteuils roulants par l&#8217;entr\u00e9e de la rue Queen (la seule entr\u00e9e actuellement utilis\u00e9e) et par un ascenseur. Voir le plan ci-dessus ! Des fauteuils roulants sont \u00e9galement disponibles sur place si n\u00e9cessaire.  <\/p>\n\n<p>Si vous avez besoin de vous \u00e9loigner de la foule \u00e0 un moment ou \u00e0 un autre, vous trouverez au Centre des arts de la Conf\u00e9d\u00e9ration plusieurs places assises tranquilles dont les cartes vous seront remises lors de l&#8217;inscription.<\/p>\n\n<h4 class=\"wp-block-heading\">Interpr\u00e9tation en fran\u00e7ais<\/h4>\n\n<p>Nous avons l&#8217;intention de r\u00e9pondre aux besoins d&#8217;accessibilit\u00e9 linguistique lors de Dig In 2.0. Cependant, nous n&#8217;avons re\u00e7u aucune demande d&#8217;interpr\u00e9tation simultan\u00e9e en fran\u00e7ais de la part des participants. C&#8217;est pourquoi nous avons opt\u00e9 pour un syst\u00e8me de b\u00e9n\u00e9volat et de parrainage (b\u00e9n\u00e9voles bilingues) pour l&#8217;accessibilit\u00e9 et l&#8217;interpr\u00e9tation en fran\u00e7ais.    <\/p>\n\n<p>Si vous avez besoin d&#8217;une interpr\u00e9tation en fran\u00e7ais, veuillez contacter Liv (liv@centreforlocalprosperity.ca) et nous vous fournirons des instructions suppl\u00e9mentaires !<\/p>\n","protected":false},"excerpt":{"rendered":"<p>Le sommet aura lieu au Centre des arts de la Conf\u00e9d\u00e9ration (145 Richmond Street, Charlottetown PEI). NOTE : En raison des travaux en cours sur le site, l&#8217;entr\u00e9e de la rue Queen est la seule ouverte. Veuillez consulter le plan du site ci-dessous. Parking L&#8217;APECC ne dispose pas de son propre stationnement. Il y a [&hellip;]<\/p>\n","protected":false},"author":4,"featured_media":0,"parent":2587,"menu_order":0,"comment_status":"closed","ping_status":"closed","template":"","meta":{"_acf_changed":false,"inline_featured_image":false,"footnotes":""},"class_list":["post-2927","page","type-page","status-publish","hentry"],"blocksy_meta":[],"acf":[],"_links":{"self":[{"href":"https:\/\/atlanticfoodaction.ca\/fr\/wp-json\/wp\/v2\/pages\/2927","targetHints":{"allow":["GET"]}}],"collection":[{"href":"https:\/\/atlanticfoodaction.ca\/fr\/wp-json\/wp\/v2\/pages"}],"about":[{"href":"https:\/\/atlanticfoodaction.ca\/fr\/wp-json\/wp\/v2\/types\/page"}],"author":[{"embeddable":true,"href":"https:\/\/atlanticfoodaction.ca\/fr\/wp-json\/wp\/v2\/users\/4"}],"replies":[{"embeddable":true,"href":"https:\/\/atlanticfoodaction.ca\/fr\/wp-json\/wp\/v2\/comments?post=2927"}],"version-history":[{"count":1,"href":"https:\/\/atlanticfoodaction.ca\/fr\/wp-json\/wp\/v2\/pages\/2927\/revisions"}],"predecessor-version":[{"id":2933,"href":"https:\/\/atlanticfoodaction.ca\/fr\/wp-json\/wp\/v2\/pages\/2927\/revisions\/2933"}],"up":[{"embeddable":true,"href":"https:\/\/atlanticfoodaction.ca\/fr\/wp-json\/wp\/v2\/pages\/2587"}],"wp:attachment":[{"href":"https:\/\/atlanticfoodaction.ca\/fr\/wp-json\/wp\/v2\/media?parent=2927"}],"curies":[{"name":"wp","href":"https:\/\/api.w.org\/{rel}","templated":true}]}}