{"id":2913,"date":"2024-07-22T17:01:33","date_gmt":"2024-07-22T17:01:33","guid":{"rendered":"https:\/\/atlanticfoodaction.ca\/?page_id=2913"},"modified":"2025-01-30T16:30:31","modified_gmt":"2025-01-30T16:30:31","slug":"horaire","status":"publish","type":"page","link":"https:\/\/atlanticfoodaction.ca\/fr\/dig-in-20\/horaire\/","title":{"rendered":"Horaire"},"content":{"rendered":"\n<h4 class=\"wp-block-heading sched-day\">vendredi, 22 novembre<\/h4>\n\n\n\n<h5 class=\"wp-block-heading\"><\/h5>\n\n\n\n<figure class=\"wp-block-table sched-table\">\n<table style=\"height: 800px;\" width=\"1087\">\n<tbody>\n<tr>\n<td><strong>14h00-17h00<\/strong><\/td>\n<td>\n<p><strong>\u00ab Dig In 2.0 \u00bb : Le Sommet sur les syst\u00e8mes alimentaires du Canada atlantique\n<br><\/strong>Inscription<\/p>\n<\/td>\n<\/tr>\n<tr>\n<td><strong>15h00-16h00<\/strong><\/td>\n<td>\n<div class=\"plenary\"><p><strong>Visite du Jardin H\u00e9ritage<\/strong><\/p>\n<p>Situ\u00e9 \u00e0 Charlottetown, \u00e0 l&#8217;\u00cele-du-Prince-\u00c9douard, le Jardin H\u00e9ritage est devenu l&#8217;un des plus grands jardins urbains du Canada, avec des parcelles de jardins communautaires, des for\u00eats alimentaires et une diversit\u00e9 de programmes communautaires (https:\/\/ibspei.ca\/garden\/).<\/p>\n<\/div><\/td>\n<\/tr>\n<tr>\n<td><strong>17h00-19h00<\/strong><\/td>\n<td>\n<div class = \"keynote\">\n<p><strong>D\u00eener &#038; Conf\u00e9rencier principal \u2013 Paul Taylor (titre de la pr\u00e9sentation \u00e0 confirmer)<\/strong><\/p>\n<p>Paul Taylor est un activiste anti-pauvret\u00e9, enseignant \u00e0 l&#8217;Universit\u00e9 Simon Fraser et a dirig\u00e9 quatre organisations \u00e0 but non lucratif, dont FoodShare Toronto, o\u00f9 il a \u00e9t\u00e9 directeur ex\u00e9cutif de 2017 \u00e0 2023. Il a \u00e9crit plusieurs articles d&#8217;opinion sur le leadership, le secteur \u00e0 but non lucratif et divers enjeux sociaux.\nEn 2020, Paul a \u00e9t\u00e9 nomm\u00e9 l&#8217;un des 50 Torontoniens les plus influents par Toronto Life, a re\u00e7u le prix des Top 40 under 40 au Canada et a \u00e9t\u00e9 \u00e9lu meilleur activiste par les lecteurs de Now Magazine. Il est le co-fondateur et co-directeur g\u00e9n\u00e9ral d&#8217;Evenings &#038; Weekends Consulting.\n<\/p>\n<p>L&#8217;exp\u00e9rience de Paul comprend des r\u00f4les de directeur ex\u00e9cutif au Second Base Youth Shelter, au Gordon Neighbourhood House et au Downtown Eastside Neighbourhood House. Il a \u00e9galement \u00e9t\u00e9 pr\u00e9sident de la British Columbia Poverty Reduction Coalition, a si\u00e9g\u00e9 au conseil d&#8217;administration du Canadian Centre for Policy Alternatives, de la Metro Vancouver Alliance et en tant que vice-pr\u00e9sident de Food Secure Canada.<\/p>\n<p>Quand il n&#8217;est pas au travail, Paul se trouve presque toujours dans la cuisine, sur son v\u00e9lo, en train de lire un bon livre ou \u00e0 un rassemblement local.<\/p>\n<\/div><\/td>\n<\/tr>\n<tr><td><strong>19h00-22h30<\/strong><\/td>\n<td>\n<p><div class = \"plenary\"><strong>R\u00e9ception<\/strong><\/div><\/p>\n<\/td>\n<\/tr>\n<\/tbody>\n<\/table>\n<\/figure>\n\n\n\n<h4 class=\"wp-block-heading sched-day\">samedi, 23 novembre<\/h4>\n\n\n<figure class=\"wp-block-table sched-table is-style-regular\">\n<table style=\"height: 1282px;\" width=\"1068\">\n<tbody>\n<tr>\n<td><strong>7h30-8h30<\/strong><\/td>\n<td><strong>D\u00e9jeuner<\/strong><\/td>\n<\/tr>\n<tr>\n<td><strong>8h30-9h30<\/strong><\/td>\n<td>\n<div class=\"plenary\">\n<p><strong>Accueil, reconnaissance territoriale, pr\u00e9sentation (\u00e0 d\u00e9terminer)<\/strong><\/p>\n<\/div>\n<\/td>\n<\/tr>\n<tr>\n<td><strong>9h30-10h30<\/strong><\/td>\n<td>\n<div class=\"workshop\"><strong>Rencontrez vos pairs !<\/strong><\/div>\n<\/td>\n<\/tr>\n<tr>\n<td><strong>10h30-11h00<\/strong><\/td>\n<td><em><strong>Pause<\/strong><\/em><\/td>\n<\/tr>\n<tr>\n<td><strong>11h00-12h00<\/strong><\/td>\n<td>\n<div class=\"workshop\">\n<p><strong>Tester les groupes d&#8217;affinit\u00e9<\/strong><\/p>\n<p><span style=\"font-weight: 400;\">Passez une heure \u00e0 \u00ab go\u00fbter \u00bb \u00e0 un \u00e9ventail d&#8217;organisations de syst\u00e8mes alimentaires afin de d\u00e9terminer les deux que vous choisirez de suivre lors des sessions des groupes d&#8217;affinit\u00e9 de l&#8217;apr\u00e8s-midi. Les responsables des groupes d&#8217;affinit\u00e9 auront pr\u00e9par\u00e9 une affiche et se tiendront \u00e0 votre disposition pour r\u00e9pondre \u00e0 vos questions pendant une heure avant le d\u00eener. Les participant.e.s pourront s&#8217;inscrire aux deux sessions du groupe d&#8217;affinit\u00e9 qui les int\u00e9ressent le plus.<\/span><\/p>\n<\/div>\n<\/td>\n<\/tr>\n<tr>\n<td><strong>12h00-13h30<\/strong><\/td>\n<td>\n<div class=\"keynote\">\n<p><strong>D\u00eener et conf\u00e9renci\u00e8re &#8211; Dr. Phoebe Stevens<\/strong><\/p>\n<h5 class=\"wp-block-heading\"><b>Explorer le r\u00f4le des r\u00e9seaux alimentaires alternatifs dans un milieu domin\u00e9 par les entreprises<\/b><\/h5>\n<p><span style=\"font-weight: 400;\">Phoebe Stephens est professeure adjointe au d\u00e9partement des affaires et des sciences sociales de la facult\u00e9 d&#8217;agriculture de l&#8217;universit\u00e9 Dalhousie. Ses recherches portent sur les strat\u00e9gies de soutien aux transitions alimentaires durables.<\/span><\/p>\n<p><span style=\"font-weight: 400;\">Ses r\u00e9cents projets de recherche comprennent la comparaison des changements de prix des aliments dans les syst\u00e8mes alimentaires locaux par rapport aux syst\u00e8mes alimentaires conventionnels, afin de mettre en lumi\u00e8re les avantages potentiels d&#8217;un soutien \u00e0 des march\u00e9s plus d\u00e9centralis\u00e9s. Les recherches de Phoebe ont \u00e9t\u00e9 publi\u00e9es dans des revues universitaires telles que Agriculture and Human Values, Food Security et Canadian Food Studies. Pour plus d&#8217;informations sur ses recherches, vous pouvez consulter le site <\/span><a href=\"http:\/\/www.phoebegwenstephens.com\" target=\"_blank\" rel=\"noopener\"><span style=\"font-weight: 400;\">www.phoebegwenstephens.com<\/span><\/a><span style=\"font-weight: 400;\">.<\/span><\/p>\n<\/div>\n<\/td>\n<\/tr>\n<tr>\n<td><strong>13h30-15h00<\/strong><\/td>\n<td>\n<div class=\"workshop\"><strong style=\"font-size: revert; font-family: inherit;\">Session du groupe d&#8217;affinit\u00e9 n\u00b0 1\u00a0 \u00a0 \u00a0 <span style=\"font-weight: 400;\">\u00a0\u00a0\u00a0\u00a0\u00a0\u00a0\u00a0\u00a0\u00a0\u00a0\u00a0\u00a0\u00a0\u00a0\u00a0\u00a0\u00a0\u00a0\u00a0\u00a0\u00a0\u00a0\u00a0\u00a0\u00a0\u00a0\u00a0\u00a0\u00a0\u00a0\u00a0\u00a0\u00a0\u00a0\u00a0\u00a0\u00a0\u00a0\u00a0\u00a0\u00a0\u00a0\u00a0<\/span> \u00a0 \u00a0 \u00a0 \u00a0 \u00a0 \u00a0 \u00a0 \u00a0 \u00a0 \u00a0 \u00a0 \u00a0 \u00a0 \u00a0 \u00a0 \u00a0 \u00a0 \u00a0 \u00a0 \u00a0 \u00a0 \u00a0 \u00a0 \u00a0 \u00a0 \u00a0 \u00a0 \u00a0 \u00a0 \u00a0 \u00a0 \u00a0 \u00a0 \u00a0 \u00a0 \u00a0 \u00a0 \u00a0 \u00a0 \u00a0 \u00a0 \u00a0 \u00a0 \u00a0 \u00a0 \u00a0 \u00a0 \u00a0 \u00a0<\/strong><\/p>\n<p><span style=\"font-weight: 400;\">Rejoignez le premier groupe d&#8217;affinit\u00e9 que vous avez choisi avant le d\u00eener ; d\u00e9couvrez un mod\u00e8le d&#8217;organisation des syst\u00e8mes alimentaires et\/ou collaborez avec le groupe pour trouver des solutions ou des opportunit\u00e9s \u00e0 un d\u00e9fi auquel l&#8217;organisation principale est confront\u00e9e.<\/span><\/p>\n<\/div>\n<\/td>\n<\/tr>\n<tr>\n<td><strong>15h00-15h30<\/strong><\/td>\n<td><em><strong>Pause<\/strong><\/em><\/td>\n<\/tr>\n<tr>\n<td><strong>15h30-17h00<\/strong><\/td>\n<td>\n<div class=\"workshop\">\n<p><strong><strong style=\"font-size: revert; font-family: inherit;\">Session du groupe d&#8217;affinit\u00e9 n\u00b0 2\u00a0<\/strong><\/strong><\/p>\n<p><span style=\"font-weight: 400;\">Rejoignez le deuxi\u00e8me groupe d&#8217;affinit\u00e9 que vous avez choisi avant le d\u00eener ; d\u00e9couvrez un mod\u00e8le d&#8217;organisation de syst\u00e8mes alimentaires et\/ou collaborez avec le groupe pour trouver des solutions ou des opportunit\u00e9s \u00e0 un d\u00e9fi auquel l&#8217;organisation principale est confront\u00e9e.<\/span><\/p>\n<\/div>\n<\/td>\n<\/tr>\n<tr>\n<td><strong>17h00-18h00<\/strong><\/td>\n<td><em><strong>Pause<\/strong><\/em><\/td>\n<\/tr>\n<tr>\n<td><strong>18h00-20h00<\/strong><\/td>\n<td>\n<div class=\"keynote\"><strong>Souper et divertissements (\u00e0 confirmer)<\/strong><\/div>\n<\/td>\n<\/tr>\n<tr>\n<td><strong>20h00-22h30<\/strong><\/td>\n<td>\n<div class=\"plenary\"><strong>Temps libre \/ Rencontres<\/strong><\/div>\n<\/td>\n<\/tr>\n<\/tbody>\n<\/table>\n<\/figure>\n\n\n<h4 class=\"wp-block-heading sched-day\">dimanche, 24 novembre<\/h4>\n\n\n<figure class=\"wp-block-table sched-table\">\n<table>\n<tbody>\n<tr>\n<td><strong>7h30-8h30<\/strong><\/td>\n<td><strong>D\u00e9jeuner<\/strong><\/td>\n<\/tr>\n<tr>\n<td><strong>8:30-9:30am<\/strong><\/td>\n<td><strong>D\u00e9briefing des groupes d&#8217;affinit\u00e9<\/strong><\/td>\n<\/tr>\n<tr>\n<td><strong>9h30-10h00<\/strong><\/td>\n<td><em><strong>Pause<\/strong><\/em><\/td>\n<\/tr>\n<tr>\n<td><strong>10h00-11h00<\/strong><\/td>\n<td>\n<div class=\"workshop\">\n<p><strong>\u00a0La Coalition atlantique d&#8217;action alimentaire (CAAA) r\u00e9pond : Th\u00e8mes et opportunit\u00e9s<\/strong><\/p>\n<\/div>\n<\/td>\n<\/tr>\n<tr>\n<td><strong>11h00-12h00<\/strong><\/td>\n<td>\n<div class=\"plenary\"><strong>S\u00e9ance pl\u00e9ni\u00e8re : R\u00e9flexions et conclusions<\/strong><\/div>\n<\/td>\n<\/tr>\n<tr>\n<td><strong>12h00-13h30<\/strong><\/td>\n<td>\n<div class=\"keynote\"><strong>D\u00eener et remarques de cl\u00f4ture<\/strong><\/div>\n<\/td>\n<\/tr>\n<tr>\n<td><strong>14h00-15h00<\/strong><\/td>\n<td>\n<p><strong>Assembl\u00e9e g\u00e9n\u00e9rale annuelle de la CAAA<\/strong><\/p>\n<p><span style=\"font-weight: 400;\">Il sera possible d&#8217;adh\u00e9rer \u00e0 la CAAA sur le site de Dig In 2.0. Tout le monde est invit\u00e9 \u00e0 assister \u00e0 l&#8217;AGA, mais seul.e.s les membres pourront voter.<\/span><\/p>\n<\/td>\n<\/tr>\n<\/tbody>\n<\/table>\n<\/figure>\n\n\n<p><\/p>\n","protected":false},"excerpt":{"rendered":"<p>vendredi, 22 novembre 14h00-17h00 \u00ab Dig In 2.0 \u00bb : Le Sommet sur les syst\u00e8mes alimentaires du Canada atlantique Inscription 15h00-16h00 Visite du Jardin H\u00e9ritage Situ\u00e9 \u00e0 Charlottetown, \u00e0 l&#8217;\u00cele-du-Prince-\u00c9douard, le Jardin H\u00e9ritage est devenu l&#8217;un des plus grands jardins urbains du Canada, avec des parcelles de jardins communautaires, des for\u00eats alimentaires et une diversit\u00e9 [&hellip;]<\/p>\n","protected":false},"author":1,"featured_media":0,"parent":2587,"menu_order":0,"comment_status":"closed","ping_status":"closed","template":"","meta":{"_acf_changed":false,"inline_featured_image":false,"footnotes":""},"class_list":["post-2913","page","type-page","status-publish","hentry"],"blocksy_meta":[],"acf":[],"_links":{"self":[{"href":"https:\/\/atlanticfoodaction.ca\/fr\/wp-json\/wp\/v2\/pages\/2913","targetHints":{"allow":["GET"]}}],"collection":[{"href":"https:\/\/atlanticfoodaction.ca\/fr\/wp-json\/wp\/v2\/pages"}],"about":[{"href":"https:\/\/atlanticfoodaction.ca\/fr\/wp-json\/wp\/v2\/types\/page"}],"author":[{"embeddable":true,"href":"https:\/\/atlanticfoodaction.ca\/fr\/wp-json\/wp\/v2\/users\/1"}],"replies":[{"embeddable":true,"href":"https:\/\/atlanticfoodaction.ca\/fr\/wp-json\/wp\/v2\/comments?post=2913"}],"version-history":[{"count":1,"href":"https:\/\/atlanticfoodaction.ca\/fr\/wp-json\/wp\/v2\/pages\/2913\/revisions"}],"predecessor-version":[{"id":2914,"href":"https:\/\/atlanticfoodaction.ca\/fr\/wp-json\/wp\/v2\/pages\/2913\/revisions\/2914"}],"up":[{"embeddable":true,"href":"https:\/\/atlanticfoodaction.ca\/fr\/wp-json\/wp\/v2\/pages\/2587"}],"wp:attachment":[{"href":"https:\/\/atlanticfoodaction.ca\/fr\/wp-json\/wp\/v2\/media?parent=2913"}],"curies":[{"name":"wp","href":"https:\/\/api.w.org\/{rel}","templated":true}]}}