{"id":2804,"date":"2022-02-04T17:55:51","date_gmt":"2022-02-04T17:55:51","guid":{"rendered":"https:\/\/atlanticfoodaction.ca\/?page_id=2804"},"modified":"2025-01-22T12:50:45","modified_gmt":"2025-01-22T12:50:45","slug":"digin-2022","status":"publish","type":"page","link":"https:\/\/atlanticfoodaction.ca\/fr\/digin-2022\/","title":{"rendered":"DigIn 2022"},"content":{"rendered":"\n<div class=\"wp-block-cover alignfull is-light hero\"><span aria-hidden=\"true\" class=\"wp-block-cover__background has-background-dim-0 has-background-dim\"><\/span><img loading=\"lazy\" decoding=\"async\" width=\"1024\" height=\"594\" class=\"wp-block-cover__image-background wp-image-85\" alt=\"\" src=\"https:\/\/atlanticfoodaction.ca\/wp-content\/uploads\/2022\/02\/Hay-Field-1024x594.jpg\" data-object-fit=\"cover\" srcset=\"https:\/\/atlanticfoodaction.ca\/wp-content\/uploads\/2022\/02\/Hay-Field-1024x594.jpg 1024w, https:\/\/atlanticfoodaction.ca\/wp-content\/uploads\/2022\/02\/Hay-Field-600x348.jpg 600w, https:\/\/atlanticfoodaction.ca\/wp-content\/uploads\/2022\/02\/Hay-Field-300x174.jpg 300w, https:\/\/atlanticfoodaction.ca\/wp-content\/uploads\/2022\/02\/Hay-Field-768x446.jpg 768w, https:\/\/atlanticfoodaction.ca\/wp-content\/uploads\/2022\/02\/Hay-Field-1536x891.jpg 1536w, https:\/\/atlanticfoodaction.ca\/wp-content\/uploads\/2022\/02\/Hay-Field-2048x1189.jpg 2048w\" sizes=\"auto, (max-width: 1024px) 100vw, 1024px\" \/><div class=\"wp-block-cover__inner-container is-layout-flow wp-block-cover-is-layout-flow\">\n<figure class=\"wp-block-image aligncenter size-large is-resized logo\"><img loading=\"lazy\" decoding=\"async\" width=\"100\" height=\"100\" src=\"https:\/\/atlanticfoodaction.ca\/wp-content\/uploads\/\/logo-colour.svg\" alt=\"Dig In - The Atlantic Canada Food Systems Summit\" class=\"wp-image-77\" style=\"width:284px;height:150px\"\/><\/figure>\n\n\n\n<p class=\"has-text-align-center has-white-color has-text-color has-large-font-size\"><strong>November 17-19, 2022<\/strong><\/p>\n<\/div><\/div>\n\n\n\n<blockquote class=\"wp-block-quote head-quote is-style-plain is-layout-flow wp-block-quote-is-layout-flow\">\n<p><strong>&#8220;We all need to eat.<\/strong><\/p>\n\n\n\n<p>If changes are needed to make our food system more secure,<\/p>\n\n\n\n<p><strong>We all need to meet&#8221;<\/strong><\/p>\n<\/blockquote>\n\n\n\n<hr class=\"wp-block-separator has-alpha-channel-opacity\"\/>\n\n\n\n<p>Le Sommet a offert un forum de deux jours pour les parties prenantes des syst\u00e8mes alimentaires pour discuter les d\u00e9fis \u00e0 l\u2019approvisionnement alimentaire aux provinces atlantiques, et pour identifier o\u00f9 les transformations sont n\u00e9cessaires. Les th\u00e8mes de la s\u00e9curit\u00e9 alimentaire et de la souverainet\u00e9 alimentaire \u00e9taient explor\u00e9s du point de vue des producteurs, des transformateurs, des distributeurs, des consommateurs et des l\u00e9gislateurs.<\/p>\n\n\n\n<p>Le Sommet \u00e9tait une occasion unique pour r\u00e9seauter et de collaborer avec des leaders et intervenants des syst\u00e8mes alimentaires aux provinces atlantiques. Les conf\u00e9renciers principaux ont apport\u00e9&nbsp;une exp\u00e9rience pratique internationale et nationale sur la reconstruction des syst\u00e8mes alimentaires r\u00e9gionaux. Des groupes de discussion ont mis l\u2019accent sur les meilleurs cas de r\u00e9ussite dans tous les aspects de nos syst\u00e8mes alimentaires. Une caract\u00e9ristique unique du Sommet \u00e9tait les \u00ab tables th\u00e9matiques \u00bb, qui offraient de nombreuses opportunit\u00e9s de r\u00e9seautage r\u00e9gional avec d\u2019autres sur des principaux sujets d\u2019int\u00e9r\u00eat.<\/p>\n\n\n\n<p>Le Sommet a eu lieu \u00e0 Debert, en Nouvelle-\u00c9cosse, sur le territoire ancestral et non c\u00e9d\u00e9 du peuple Mi\u2019kmaq. Les conf\u00e9renciers et pan\u00e9listes s\u00e9lectionn\u00e9s des Premi\u00e8res Nations et des quatre provinces atlantiques ont discut\u00e9 des barri\u00e8res dans nos syst\u00e8mes alimentaires, ont offert leurs points de vue unique, se sont concentr\u00e9s sur les r\u00e9ussites dans notre r\u00e9gion, et ont montr\u00e9 la voie \u00e0 suivre vers l\u2019augmentation de la souverainet\u00e9 alimentaire.<\/p>\n\n\n\n<p>Les r\u00e9sultats du sommet fournissent une voie \u00e0 suivre au niveau r\u00e9gional, des conseils au niveau provincial, et des opportunit\u00e9s pour l\u2019action au niveau communautaire. Un rapport sera produit qui d\u00e9taille la nature des probl\u00e8mes discut\u00e9s et les domaines o\u00f9 une action collective optimisera la r\u00e9silience de la r\u00e9gion et sa capacit\u00e9 \u00e0 s\u2019adapter aux temps changeants. Le Sommet a catalys\u00e9 la collaboration continu\u00e9 entre les parties prenantes des syst\u00e8mes alimentaires du Canada atlantique.<\/p>\n\n\n\n<h2 class=\"wp-block-heading is-style-gold\" id=\"conference-organizers\">Conference Organizers<\/h2>\n\n\n\n<figure class=\"wp-block-gallery has-nested-images columns-5 wp-block-gallery-1 is-layout-flex wp-block-gallery-is-layout-flex\">\n<figure class=\"wp-block-image size-full\"><img loading=\"lazy\" decoding=\"async\" width=\"806\" height=\"756\" data-id=\"216\" src=\"https:\/\/atlanticfoodaction.ca\/wp-content\/uploads\/2022\/02\/CPL-Logo-colour-straight-text-transparent.png\" alt=\"\" class=\"wp-image-216\" srcset=\"https:\/\/atlanticfoodaction.ca\/wp-content\/uploads\/2022\/02\/CPL-Logo-colour-straight-text-transparent.png 806w, https:\/\/atlanticfoodaction.ca\/wp-content\/uploads\/2022\/02\/CPL-Logo-colour-straight-text-transparent-600x563.png 600w, https:\/\/atlanticfoodaction.ca\/wp-content\/uploads\/2022\/02\/CPL-Logo-colour-straight-text-transparent-300x281.png 300w, https:\/\/atlanticfoodaction.ca\/wp-content\/uploads\/2022\/02\/CPL-Logo-colour-straight-text-transparent-768x720.png 768w\" sizes=\"auto, (max-width: 806px) 100vw, 806px\" \/><\/figure>\n\n\n\n<figure class=\"wp-block-image size-large\"><img loading=\"lazy\" decoding=\"async\" width=\"1024\" height=\"500\" data-id=\"983\" src=\"https:\/\/atlanticfoodaction.ca\/wp-content\/uploads\/2022\/08\/FMNS-Logo-Variations_Transparent-02-1024x500.png\" alt=\"\" class=\"wp-image-983\" srcset=\"https:\/\/atlanticfoodaction.ca\/wp-content\/uploads\/2022\/08\/FMNS-Logo-Variations_Transparent-02-1024x500.png 1024w, https:\/\/atlanticfoodaction.ca\/wp-content\/uploads\/2022\/08\/FMNS-Logo-Variations_Transparent-02-300x147.png 300w, https:\/\/atlanticfoodaction.ca\/wp-content\/uploads\/2022\/08\/FMNS-Logo-Variations_Transparent-02-768x375.png 768w, https:\/\/atlanticfoodaction.ca\/wp-content\/uploads\/2022\/08\/FMNS-Logo-Variations_Transparent-02-1536x750.png 1536w, https:\/\/atlanticfoodaction.ca\/wp-content\/uploads\/2022\/08\/FMNS-Logo-Variations_Transparent-02-2048x1000.png 2048w\" sizes=\"auto, (max-width: 1024px) 100vw, 1024px\" \/><\/figure>\n\n\n\n<figure class=\"wp-block-image size-medium\"><img loading=\"lazy\" decoding=\"async\" width=\"300\" height=\"212\" data-id=\"209\" src=\"https:\/\/atlanticfoodaction.ca\/wp-content\/uploads\/2022\/02\/Screen-Shot-2022-02-11-at-4.05.53-PM-300x212.png\" alt=\"\" class=\"wp-image-209\" srcset=\"https:\/\/atlanticfoodaction.ca\/wp-content\/uploads\/2022\/02\/Screen-Shot-2022-02-11-at-4.05.53-PM-300x212.png 300w, https:\/\/atlanticfoodaction.ca\/wp-content\/uploads\/2022\/02\/Screen-Shot-2022-02-11-at-4.05.53-PM.png 428w\" sizes=\"auto, (max-width: 300px) 100vw, 300px\" \/><\/figure>\n\n\n\n<figure class=\"wp-block-image size-full\"><img loading=\"lazy\" decoding=\"async\" width=\"2865\" height=\"596\" data-id=\"411\" src=\"https:\/\/atlanticfoodaction.ca\/wp-content\/uploads\/2022\/03\/FFNL-Logo-Colour-with-transparent-background.png\" alt=\"\" class=\"wp-image-411\" srcset=\"https:\/\/atlanticfoodaction.ca\/wp-content\/uploads\/2022\/03\/FFNL-Logo-Colour-with-transparent-background.png 2865w, https:\/\/atlanticfoodaction.ca\/wp-content\/uploads\/2022\/03\/FFNL-Logo-Colour-with-transparent-background-600x125.png 600w, https:\/\/atlanticfoodaction.ca\/wp-content\/uploads\/2022\/03\/FFNL-Logo-Colour-with-transparent-background-300x62.png 300w, https:\/\/atlanticfoodaction.ca\/wp-content\/uploads\/2022\/03\/FFNL-Logo-Colour-with-transparent-background-1024x213.png 1024w, https:\/\/atlanticfoodaction.ca\/wp-content\/uploads\/2022\/03\/FFNL-Logo-Colour-with-transparent-background-768x160.png 768w, https:\/\/atlanticfoodaction.ca\/wp-content\/uploads\/2022\/03\/FFNL-Logo-Colour-with-transparent-background-1536x320.png 1536w, https:\/\/atlanticfoodaction.ca\/wp-content\/uploads\/2022\/03\/FFNL-Logo-Colour-with-transparent-background-2048x426.png 2048w\" sizes=\"auto, (max-width: 2865px) 100vw, 2865px\" \/><\/figure>\n\n\n\n<figure class=\"wp-block-image size-large\"><img loading=\"lazy\" decoding=\"async\" width=\"257\" height=\"160\" data-id=\"221\" src=\"https:\/\/atlanticfoodaction.ca\/wp-content\/uploads\/2022\/02\/Screen-Shot-2022-02-11-at-4.22.41-PM.png\" alt=\"\" class=\"wp-image-221\"\/><\/figure>\n\n\n\n<figure class=\"wp-block-image size-large\"><img loading=\"lazy\" decoding=\"async\" width=\"244\" height=\"68\" data-id=\"220\" src=\"https:\/\/atlanticfoodaction.ca\/wp-content\/uploads\/2022\/02\/Screen-Shot-2022-02-11-at-4.23.06-PM.png\" alt=\"\" class=\"wp-image-220\"\/><\/figure>\n\n\n\n<figure class=\"wp-block-image size-large\"><img loading=\"lazy\" decoding=\"async\" width=\"384\" height=\"98\" data-id=\"219\" src=\"https:\/\/atlanticfoodaction.ca\/wp-content\/uploads\/2022\/02\/Screen-Shot-2022-02-11-at-4.21.28-PM.png\" alt=\"\" class=\"wp-image-219\" srcset=\"https:\/\/atlanticfoodaction.ca\/wp-content\/uploads\/2022\/02\/Screen-Shot-2022-02-11-at-4.21.28-PM.png 384w, https:\/\/atlanticfoodaction.ca\/wp-content\/uploads\/2022\/02\/Screen-Shot-2022-02-11-at-4.21.28-PM-300x77.png 300w\" sizes=\"auto, (max-width: 384px) 100vw, 384px\" \/><\/figure>\n\n\n\n<figure class=\"wp-block-image size-large\"><img loading=\"lazy\" decoding=\"async\" width=\"230\" height=\"105\" data-id=\"218\" src=\"https:\/\/atlanticfoodaction.ca\/wp-content\/uploads\/2022\/02\/Screen-Shot-2022-02-11-at-4.17.42-PM.png\" alt=\"\" class=\"wp-image-218\"\/><\/figure>\n\n\n\n<figure class=\"wp-block-image size-large\"><img loading=\"lazy\" decoding=\"async\" width=\"289\" height=\"149\" data-id=\"217\" src=\"https:\/\/atlanticfoodaction.ca\/wp-content\/uploads\/2022\/02\/Screen-Shot-2022-02-11-at-4.17.02-PM.png\" alt=\"\" class=\"wp-image-217\"\/><\/figure>\n\n\n\n<figure class=\"wp-block-image size-large\"><img loading=\"lazy\" decoding=\"async\" width=\"164\" height=\"51\" data-id=\"614\" src=\"https:\/\/atlanticfoodaction.ca\/wp-content\/uploads\/2022\/05\/ACORN-logo.png\" alt=\"\" class=\"wp-image-614\"\/><\/figure>\n<\/figure>\n\n\n\n<p><strong>Dig In: The Atlantic Canada Food Systems Summit<\/strong> was organized by the <a href=\"http:\/\/centreforlocalprosperity.ca\/\" target=\"_blank\" rel=\"noopener\">Centre for Local Prosperity<\/a> in partnership with the following Atlantic Canada regional organizations:<\/p>\n\n\n\n<ul class=\"wp-block-list\">\n<li><a href=\"https:\/\/ibspei.ca\/\" target=\"_blank\" rel=\"noopener\">Institute for Bioregional Studies<\/a><\/li>\n\n\n\n<li><a href=\"https:\/\/www.ulnoowegeducation.ca\/\" target=\"_blank\" rel=\"noopener\">Ulnooweg Education Centre<\/a><\/li>\n\n\n\n<li><a href=\"https:\/\/foodforallnb.ca\/\" target=\"_blank\" rel=\"noopener\">Food for All New Brunswick<\/a><\/li>\n\n\n\n<li><a href=\"https:\/\/www.foodfirstnl.ca\/\" target=\"_blank\" rel=\"noopener\">Food First NL<\/a><\/li>\n\n\n\n<li><a href=\"https:\/\/foodarc.ca\/\" target=\"_blank\" rel=\"noopener\">FoodARC, Mount St Vincent University<\/a><\/li>\n\n\n\n<li><a href=\"https:\/\/farmersmarketsnovascotia.ca\/\" target=\"_blank\" rel=\"noopener\">Farmers Markets of Nova Scotia<\/a><\/li>\n\n\n\n<li><a href=\"https:\/\/farmworks.ca\/\" target=\"_blank\" rel=\"noopener\">FarmWorks<\/a><\/li>\n\n\n\n<li><a href=\"https:\/\/foodeconomy.com\/\" target=\"_blank\" rel=\"noopener\">Food Economy Group<\/a><\/li>\n\n\n\n<li><a href=\"https:\/\/acornorganic.org\/\" target=\"_blank\" rel=\"noreferrer noopener\">Atlantic Canada Organic Regional Network<\/a><\/li>\n<\/ul>\n","protected":false},"excerpt":{"rendered":"<p>&#8220;We all need to eat. If changes are needed to make our food system more secure, We all need to meet&#8221; Le Sommet a offert un forum de deux jours pour les parties prenantes des syst\u00e8mes alimentaires pour discuter les d\u00e9fis \u00e0 l\u2019approvisionnement alimentaire aux provinces atlantiques, et pour identifier o\u00f9 les transformations sont n\u00e9cessaires. [&hellip;]<\/p>\n","protected":false},"author":1,"featured_media":0,"parent":0,"menu_order":0,"comment_status":"closed","ping_status":"closed","template":"template_no-title.php","meta":{"_acf_changed":false,"inline_featured_image":false,"footnotes":""},"class_list":["post-2804","page","type-page","status-publish","hentry"],"blocksy_meta":[],"acf":[],"_links":{"self":[{"href":"https:\/\/atlanticfoodaction.ca\/fr\/wp-json\/wp\/v2\/pages\/2804","targetHints":{"allow":["GET"]}}],"collection":[{"href":"https:\/\/atlanticfoodaction.ca\/fr\/wp-json\/wp\/v2\/pages"}],"about":[{"href":"https:\/\/atlanticfoodaction.ca\/fr\/wp-json\/wp\/v2\/types\/page"}],"author":[{"embeddable":true,"href":"https:\/\/atlanticfoodaction.ca\/fr\/wp-json\/wp\/v2\/users\/1"}],"replies":[{"embeddable":true,"href":"https:\/\/atlanticfoodaction.ca\/fr\/wp-json\/wp\/v2\/comments?post=2804"}],"version-history":[{"count":1,"href":"https:\/\/atlanticfoodaction.ca\/fr\/wp-json\/wp\/v2\/pages\/2804\/revisions"}],"predecessor-version":[{"id":2805,"href":"https:\/\/atlanticfoodaction.ca\/fr\/wp-json\/wp\/v2\/pages\/2804\/revisions\/2805"}],"wp:attachment":[{"href":"https:\/\/atlanticfoodaction.ca\/fr\/wp-json\/wp\/v2\/media?parent=2804"}],"curies":[{"name":"wp","href":"https:\/\/api.w.org\/{rel}","templated":true}]}}