{"id":2587,"date":"2024-07-22T16:48:28","date_gmt":"2024-07-22T16:48:28","guid":{"rendered":"https:\/\/atlanticfoodaction.ca\/cest-en-francais-maintenant\/"},"modified":"2025-01-30T16:08:54","modified_gmt":"2025-01-30T16:08:54","slug":"dig-in-20","status":"publish","type":"page","link":"https:\/\/atlanticfoodaction.ca\/fr\/dig-in-20\/","title":{"rendered":"Dig In 2.0"},"content":{"rendered":"\n<div class=\"wp-block-cover alignfull hero\" style=\"min-height:528px;aspect-ratio:unset;\"><span aria-hidden=\"true\" class=\"wp-block-cover__background has-background-dim-0 has-background-dim\" style=\"background-color:#365941\"><\/span><img loading=\"lazy\" decoding=\"async\" width=\"3840\" height=\"2160\" class=\"wp-block-cover__image-background wp-image-2230\" alt=\"\" src=\"https:\/\/atlanticfoodaction.ca\/wp-content\/uploads\/2024\/09\/Dig-In-2.0-Eventbrite-Cover.png\" style=\"object-position:48% 54%\" data-object-fit=\"cover\" data-object-position=\"48% 54%\" srcset=\"https:\/\/atlanticfoodaction.ca\/wp-content\/uploads\/2024\/09\/Dig-In-2.0-Eventbrite-Cover.png 3840w, https:\/\/atlanticfoodaction.ca\/wp-content\/uploads\/2024\/09\/Dig-In-2.0-Eventbrite-Cover-300x169.png 300w, https:\/\/atlanticfoodaction.ca\/wp-content\/uploads\/2024\/09\/Dig-In-2.0-Eventbrite-Cover-1024x576.png 1024w, https:\/\/atlanticfoodaction.ca\/wp-content\/uploads\/2024\/09\/Dig-In-2.0-Eventbrite-Cover-768x432.png 768w, https:\/\/atlanticfoodaction.ca\/wp-content\/uploads\/2024\/09\/Dig-In-2.0-Eventbrite-Cover-1536x864.png 1536w, https:\/\/atlanticfoodaction.ca\/wp-content\/uploads\/2024\/09\/Dig-In-2.0-Eventbrite-Cover-2048x1152.png 2048w\" sizes=\"auto, (max-width: 3840px) 100vw, 3840px\" \/><div class=\"wp-block-cover__inner-container is-layout-flow wp-block-cover-is-layout-flow\">\n<p class=\"has-text-align-center has-large-font-size\"><\/p>\n<\/div><\/div>\n\n\n\n<blockquote class=\"wp-block-quote head-quote is-style-plain is-layout-flow wp-block-quote-is-layout-flow\">\n<p><strong>Nous mangerous<\/strong><\/p>\n\n\n\n<p>If changes are needed to make our food system more secure,<\/p>\n\n\n\n<p><strong>We all need to meet&#8221;<\/strong><\/p>\n<\/blockquote>\n\n\n\n<hr class=\"wp-block-separator has-alpha-channel-opacity\"\/>\n\n\n\n<p class=\"has-large-font-size\"><strong>Rejoignez-nous pour le deuxi\u00e8me Sommet \u00ab\u202fDig In\u202f\u00bb sur les syst\u00e8mes alimentaires\u202f!<\/strong><\/p>\n\n\n\n<p class=\"has-medium-font-size\"><strong>Le Sommet \u00ab\u202fDig In 2.0\u202f\u00bb<\/strong> sur les syst\u00e8mes alimentaires du Canada atlantique se tiendra du vendredi 22 novembre au dimanche 24 novembre 2024 au Confederation Centre of the Arts, 145 Richmond St, Charlottetown, Epekwitk (\u00cele-du-Prince-\u00c9douard).<\/p>\n\n\n\n<p class=\"has-medium-font-size\"><strong>Inscrivez-vous via Eventbrite <\/strong>:<a href=\"https:\/\/www.eventbrite.ca\/e\/dig-in-20-atlantic-canada-food-systems-summit-tickets-1003048142997?aff=oddtdtcreator\" target=\"_blank\" rel=\"noopener\"> https:\/\/www.eventbrite.ca\/e\/dig-in-20-atlantic-canada-food-systems-summit-tickets-1003048142997?aff=oddtdtcreator<\/a><\/p>\n\n\n\n<p class=\"has-medium-font-size\">\u00ab Dig In 2.0 \u00bb s\u2019appuie sur l&#8217;\u00e9lan de \u00ab Dig In 1 \u00bb :<\/p>\n\n\n\n<p>En novembre 2022, \u00ab Dig In 1 \u00bb a rassembl\u00e9 plus de 200 personnes et organisations ax\u00e9es sur les syst\u00e8mes alimentaires \u00e0 travers le Canada atlantique, \u00e0 Debert, en Nouvelle-\u00c9cosse, pour un sommet sur les syst\u00e8mes alimentaires sans pr\u00e9c\u00e9dent dans la r\u00e9gion. Apr\u00e8s ce premier \u00e9v\u00e9nement inspirant, nous sommes impatients de promouvoir les syst\u00e8mes alimentaires locaux dans toute la r\u00e9gion, avec \u00ab Dig In 2.0 \u00bb qui se tiendra au Farm Centre de Charlottetown. <\/p>\n\n\n\n<p>En tirant parti des le\u00e7ons apprises lors de \u00ab Dig In 1 \u00bb, \u00ab Dig In 2.0 \u00bb vise \u00e0 passer de l&#8217;\u00e9ducation et de la sensibilisation \u00e0 la construction de collaboration et de solidarit\u00e9 entre les acteur.ice.s des syst\u00e8mes alimentaires \u00e0 travers le Canada atlantique. Nous croyons que les rassemblements en personne sont inestimables pour renforcer les relations existantes, favoriser de nouvelles collaborations et prendre le temps d&#8217;apprendre des r\u00e9ussites et des d\u00e9fis des un.e.s et des autres, afin de cr\u00e9er des syst\u00e8mes alimentaires plus forts et plus r\u00e9silients dans toute la r\u00e9gion.<\/p>\n\n\n\n<p class=\"has-medium-font-size\">Objectifs de \u00ab Dig In 2.0 \u00bb :<\/p>\n\n\n\n<ul class=\"wp-block-list\">\n<li>Favoriser la collaboration et le renforcement des partenariats (nouveaux et existants) entre les acteur.ice.s des syst\u00e8mes alimentaires \u00e0 travers le Canada atlantique.<\/li>\n\n\n\n<li>Engager les acteur.ice.s des syst\u00e8mes alimentaires pour am\u00e9liorer l&#8217;\u00e9quit\u00e9, la r\u00e9silience et la durabilit\u00e9 en mettant en \u0153uvre des mod\u00e8les alternatifs de syst\u00e8mes alimentaires.<\/li>\n\n\n\n<li>Amplifier, \u00e9tendre, r\u00e9pliquer ou tirer parti du travail des projets et organisations de syst\u00e8mes alimentaires existants.<\/li>\n<\/ul>\n\n\n\n<p>Les parties prenantes des syst\u00e8mes alimentaires des quatre provinces, issues de divers secteurs tels que les agriculteur.ice.s, les p\u00eacheur.e.s, les transformateur.trice.s, les distributeur.trice.s, les d\u00e9taillant.e.s, les d\u00e9cideur.e.s, les organismes \u00e0 but non lucratif, les groupes communautaires, les repr\u00e9sentant.e.s du gouvernement, les individu.e.s, etc., s&#8217;engageront dans des discussions pour apprendre les r\u00e9ussites et les d\u00e9fis des un.e.s et des autres, dans le but de briser les silos et de construire des r\u00e9seaux de soutien et de coop\u00e9ration plus solides.<\/p>\n\n\n\n<p><br>En partageant des connaissances et des ressources, le sommet vise \u00e0 favoriser la cr\u00e9ation continue de syst\u00e8mes alimentaires plus r\u00e9silients et interconnect\u00e9s, capables de mieux r\u00e9sister aux changements et d\u00e9fis \u00e9conomiques, environnementaux et sociaux. Les participant.e.s auront l&#8217;opportunit\u00e9 de forger de nouveaux partenariats et de renforcer ceux existants, favorisant ainsi un sentiment de communaut\u00e9 et de soutien mutuel.<\/p>\n\n\n\n<p class=\"has-medium-font-size\">Groupes d&#8217;affinit\u00e9 \u2013 Faciliter le r\u00e9seautage dans notre r\u00e9gion :<\/p>\n\n\n\n<p>Au c\u0153ur de la programmation de \u00ab Dig In 2.0 \u00bb se trouvent les Groupes d&#8217;affinit\u00e9, compos\u00e9s de 10 \u00e0 12 domaines pr\u00e9d\u00e9termin\u00e9s des syst\u00e8mes alimentaires (et une organisation repr\u00e9sentante en tant qu&#8217;h\u00f4te) qui tiendront de petites discussions en groupe explorant la structure\/processus de leurs types d&#8217;organisation respectifs (par exemple, les p\u00f4les alimentaires), et\/ou un d\u00e9fi qu&#8217;ils rencontrent pour obtenir un soutien collaboratif du groupe en vue d&#8217;une solution. Les Groupes d&#8217;affinit\u00e9 repr\u00e9senteront un large \u00e9ventail de parties prenantes des syst\u00e8mes alimentaires, allant des agriculteur.ice.s aux conseils en politiques alimentaires, en passant par les p\u00f4les alimentaires, les achats institutionnels, et plus encore. <\/p>\n\n\n\n<p>Avant les groupes d&#8217;affinit\u00e9, les participant.e.s de \u00ab Dig In \u00bb auront l&#8217;occasion de \u00ab go\u00fbter \u00bb les 10 \u00e0 12 Groupes d&#8217;affinit\u00e9 via les organisations h\u00f4tes afin de d\u00e9terminer quelles deux sessions ils souhaiteraient suivre le samedi apr\u00e8s-midi.<\/p>\n\n\n\n<h2 class=\"wp-block-heading is-style-gold\" id=\"conference-organizers\">Conference Organizers<\/h2>\n\n\n\n<div class=\"wp-block-stackable-columns stk-block-columns stk-block stk-e5d0a1b\" data-block-id=\"e5d0a1b\"><div class=\"stk-row stk-inner-blocks stk-block-content stk-content-align stk-e5d0a1b-column\">\n<div class=\"wp-block-stackable-column stk-block-column stk-column stk-block stk-9baace1\" data-v=\"4\" data-block-id=\"9baace1\"><style>@media screen and (min-width:690px){.stk-9baace1 {flex:var(--stk-flex-grow, 1) 1 33.3% !important;}}<\/style><div class=\"stk-column-wrapper stk-block-column__content stk-container stk-9baace1-container stk--no-background stk--no-padding\"><div class=\"stk-block-content stk-inner-blocks stk-9baace1-inner-blocks\">\n<figure class=\"wp-block-gallery alignleft has-nested-images columns-5 wp-block-gallery-1 is-layout-flex wp-block-gallery-is-layout-flex\">\n<figure class=\"wp-block-image size-medium\"><img loading=\"lazy\" decoding=\"async\" width=\"300\" height=\"281\" data-id=\"216\" src=\"https:\/\/atlanticfoodaction.ca\/wp-content\/uploads\/2022\/02\/CPL-Logo-colour-straight-text-transparent-300x281.png\" alt=\"\" class=\"wp-image-216\" srcset=\"https:\/\/atlanticfoodaction.ca\/wp-content\/uploads\/2022\/02\/CPL-Logo-colour-straight-text-transparent-300x281.png 300w, https:\/\/atlanticfoodaction.ca\/wp-content\/uploads\/2022\/02\/CPL-Logo-colour-straight-text-transparent-600x563.png 600w, https:\/\/atlanticfoodaction.ca\/wp-content\/uploads\/2022\/02\/CPL-Logo-colour-straight-text-transparent-768x720.png 768w, https:\/\/atlanticfoodaction.ca\/wp-content\/uploads\/2022\/02\/CPL-Logo-colour-straight-text-transparent.png 806w\" sizes=\"auto, (max-width: 300px) 100vw, 300px\" \/><\/figure>\n\n\n\n<figure class=\"wp-block-image size-medium\"><img loading=\"lazy\" decoding=\"async\" width=\"300\" height=\"300\" data-id=\"2182\" src=\"https:\/\/atlanticfoodaction.ca\/wp-content\/uploads\/2024\/08\/AFAC-logo-300x300.png\" alt=\"\" class=\"wp-image-2182\" srcset=\"https:\/\/atlanticfoodaction.ca\/wp-content\/uploads\/2024\/08\/AFAC-logo-300x300.png 300w, https:\/\/atlanticfoodaction.ca\/wp-content\/uploads\/2024\/08\/AFAC-logo-150x150.png 150w, https:\/\/atlanticfoodaction.ca\/wp-content\/uploads\/2024\/08\/AFAC-logo.png 335w\" sizes=\"auto, (max-width: 300px) 100vw, 300px\" \/><\/figure>\n<\/figure>\n<\/div><\/div><\/div>\n\n\n\n<div class=\"wp-block-stackable-column stk-block-column stk-column stk-block stk-106b23d\" data-v=\"4\" data-block-id=\"106b23d\"><style>@media screen and (min-width:690px){.stk-106b23d {flex:var(--stk-flex-grow, 1) 1 66.7% !important;}}<\/style><div class=\"stk-column-wrapper stk-block-column__content stk-container stk-106b23d-container stk--no-background stk--no-padding\"><div class=\"stk-block-content stk-inner-blocks stk-106b23d-inner-blocks\">\n<p><strong>\u00ab Dig In 2 \u00bb : Le Sommet sur les syst\u00e8mes alimentaires du Canada atlantique<\/strong> est co-organis\u00e9 par le Centre for Local Prosperity en partenariat avec la Coalition atlantique d&#8217;action en alimentation (CAAA). La Coalition atlantique d&#8217;action en alimentation a vu le jour en tant que r\u00e9sultat direct de \u00ab Dig In 1 \u00bb ! La mission de la CAAA est de connecter les personnes, les organisations et les projets au sein des syst\u00e8mes alimentaires canadiens-atlantiques pour favoriser la s\u00e9curit\u00e9 alimentaire, la souverainet\u00e9 et la durabilit\u00e9 \u00e0 travers la collaboration et la connexion.<\/p>\n<\/div><\/div><\/div>\n<\/div><\/div>\n\n\n\n<h2 class=\"wp-block-heading\">Get Email Updates<\/h2>\n\n\n<p>[yikes-mailchimp form=&#8221;1&#8243;]<\/p>\n","protected":false},"excerpt":{"rendered":"<p>Nous mangerous If changes are needed to make our food system more secure, We all need to meet&#8221; Rejoignez-nous pour le deuxi\u00e8me Sommet \u00ab\u202fDig In\u202f\u00bb sur les syst\u00e8mes alimentaires\u202f! Le Sommet \u00ab\u202fDig In 2.0\u202f\u00bb sur les syst\u00e8mes alimentaires du Canada atlantique se tiendra du vendredi 22 novembre au dimanche 24 novembre 2024 au Confederation Centre [&hellip;]<\/p>\n","protected":false},"author":1,"featured_media":0,"parent":0,"menu_order":0,"comment_status":"closed","ping_status":"closed","template":"template_no-title.php","meta":{"_acf_changed":false,"inline_featured_image":false,"footnotes":""},"class_list":["post-2587","page","type-page","status-publish","hentry"],"blocksy_meta":[],"acf":[],"_links":{"self":[{"href":"https:\/\/atlanticfoodaction.ca\/fr\/wp-json\/wp\/v2\/pages\/2587","targetHints":{"allow":["GET"]}}],"collection":[{"href":"https:\/\/atlanticfoodaction.ca\/fr\/wp-json\/wp\/v2\/pages"}],"about":[{"href":"https:\/\/atlanticfoodaction.ca\/fr\/wp-json\/wp\/v2\/types\/page"}],"author":[{"embeddable":true,"href":"https:\/\/atlanticfoodaction.ca\/fr\/wp-json\/wp\/v2\/users\/1"}],"replies":[{"embeddable":true,"href":"https:\/\/atlanticfoodaction.ca\/fr\/wp-json\/wp\/v2\/comments?post=2587"}],"version-history":[{"count":3,"href":"https:\/\/atlanticfoodaction.ca\/fr\/wp-json\/wp\/v2\/pages\/2587\/revisions"}],"predecessor-version":[{"id":2889,"href":"https:\/\/atlanticfoodaction.ca\/fr\/wp-json\/wp\/v2\/pages\/2587\/revisions\/2889"}],"wp:attachment":[{"href":"https:\/\/atlanticfoodaction.ca\/fr\/wp-json\/wp\/v2\/media?parent=2587"}],"curies":[{"name":"wp","href":"https:\/\/api.w.org\/{rel}","templated":true}]}}